{"id":2,"date":"2017-11-19T13:18:20","date_gmt":"2017-11-19T12:18:20","guid":{"rendered":"http:\/\/saccito.pl\/?page_id=2"},"modified":"2020-08-11T15:15:28","modified_gmt":"2020-08-11T13:15:28","slug":"home","status":"publish","type":"page","link":"https:\/\/saccito.pl\/en\/","title":{"rendered":"Strona g\u0142\u00f3wna"},"content":{"rendered":"<p><!--========== PAGE LAYOUT ==========--><br \/>\n<!-- AboutUs--><\/p>\n<div id=\"about\">\n<div class=\"container content-lg\">\n<div class=\"row text-center\">\n<div class=\"col-sm-12\">\n<h2>About us<\/h2>\n<p style=\"text-align: justify;\">Saccito Sp. z o.o. is a young Polish company offering services in the production and distribution of modern, intelligent packaging for the vegetable and fruit market.<\/p>\n<p style=\"text-align: justify;\">\nThanks to the well-educated staff associated with scientific environment, the company is constantly in the phase of thriving development, focusing on continuous improvement of its products.<br \/>\nDespite the relatively short time of existence of the company on the Polish market, the experience of its employees in the agricultural, commercial and marketing areas as well as in the packaging industry and processing of raw materials are definitely longer.<\/p>\n<p style=\"text-align: justify;\">\nSaccito Sp. z o.o. it remains in constant cooperation with specialists from the Krakow AGH University of Science and Technology and the University of Agriculture in Krakow, which translates directly into the improvement of the staff&#8217;s skills as well as the quality of the products offered.<\/p>\n<\/p><\/div>\n<div class=\"row\">\n<div class=\"col-sm-3\" style=\"margin-top:30px;\">\n<img src=\"http:\/\/saccito.pl\/wp-content\/uploads\/2018\/02\/saccito-1-1.jpg\" data-src=\"http:\/\/saccito.pl\/wp-content\/uploads\/2018\/02\/saccito-1.jpg\" alt=\"\" class=\"alignnone  thumb_gallery\" style=\"border: 1px solid #C0C0C0; height: 270px;width: 270px;\"\/>\n<\/div>\n<div class=\"col-md-3\" style=\"margin-top:30px;\">\n<img src=\"http:\/\/saccito.pl\/wp-content\/uploads\/2018\/02\/saccito-2-1.jpg\" data-src=\"http:\/\/saccito.pl\/wp-content\/uploads\/2018\/02\/saccito-2.jpg\" alt=\"\" class=\"alignnone thumb_gallery\" style=\"border: 1px solid #C0C0C0; height: 270px;width: 270px;\"\/>\n<\/div>\n<div class=\"col-md-3\" style=\"margin-top:30px;\">\n<img src=\"http:\/\/saccito.pl\/wp-content\/uploads\/2018\/02\/saccito-3-1.jpg\" data-src=\"http:\/\/saccito.pl\/wp-content\/uploads\/2018\/02\/saccito-3.jpg\" alt=\"\" class=\"alignnone thumb_gallery\" style=\"border: 1px solid #C0C0C0; height: 270px;width: 270px;\"\/>\n<\/div>\n<div class=\"col-md-3\" style=\"margin-top:30px;\">\n<img src=\"http:\/\/saccito.pl\/wp-content\/uploads\/2018\/02\/saccito-4-2.jpg\" data-src=\"http:\/\/saccito.pl\/wp-content\/uploads\/2018\/02\/saccito-4-1.jpg\" alt=\"\" class=\"alignnone thumb_gallery\" style=\"border: 1px solid #C0C0C0; height: 270px;width: 270px;\" \/>\n<\/div>\n<\/div>\n<\/div>\n<div class=\"row text-center\" style=\"margin-top: 100px;\">\n<div class=\"col-sm-12\">\n<h2>Team<\/h2>\n<p style=\"text-align: justify;\">\nThe potential of Saccito Sp. z o.o. is a team of young, highly qualified specialists that consists of experienced engineers, technicians, Doctors of Philosophy, specialists in the field of environmental protection and engineering, agriculture, economics, trade and marketing, working with full commitment, implementing modern, ecological and competitively priced technologies.<br \/>\nTeam members have extensive experience in the management and creation of environmental projects, obtaining funds for project implementation, obtaining environmental decisions, conducting environmental audits, processing raw materials and waste management.<br \/>\nPart of the Saccito\u2018s Team also has experience in the field of work and running a research laboratory, as well as didactics at universities in the field of Environmental Engineering, Raw Materials Processing, Economics and broadly defined agriculture and agritourism.<br \/>\nAll this creates the huge potential of the company and makes it remain in the phase of continuous development and self-improvement.<br \/>\nIn addition, team members are permanently cooperating with the best scientific specialists working in research and development units such as the AGH University of Science and Technology, the University of Agriculture in Krakow, or the Revitapark Industrial and Technological Park in Katowice.<\/p>\n<\/p><\/div>\n<\/p><\/div>\n<p>                <!--\/\/ end row -->\n            <\/div>\n<\/p><\/div>\n<p>        <!-- End AboutUs--><br \/>\n        <!-- Promo Banner --><\/p>\n<div class=\"promo-banner\">\n<div class=\"container-sm content-lg\" style=\"padding-top: 135px;\">\n<h2 class=\"promo-banner-title\">Zaawansowane zaplecze techniczne<\/h2>\n<p class=\"promo-banner-text\">Jako firma posiadamy dost\u0119p do urz\u0105dze\u0144 i sprz\u0119tu laboratoryjnego pozwalaj\u0105cego na kompleksowe analizy \u015brodowiskowe, chemiczne i fizyczne a tak\u017ce baz patentowych, zar\u00f3wno w\u0142asnych jak i zewn\u0119trznych.<\/p>\n<\/p><\/div>\n<\/p><\/div>\n<p>        <!-- End Promo Banner --><\/p>\n<p><!-- offer--><\/p>\n<div id=\"offer\" style=\"background-color: #ffffff;\">\n<div class=\"\" data-auto-height=\"true\">\n<div class=\"content-lg container\">\n<div class=\"row text-center\">\n<div class=\"col-sm-12\">\n<h2>Offer<\/h2>\n<p style=\"text-align:justify;\">\nThe product of Saccito Sp. z o. o. are made in a special technology plastic bags that maintain freshness and guarantee the durability of organic products.\n<\/p>\n<p style=\"text-align:justify;\">\nModern technology used for the production of film allowed to create an optimized sack, unique for each type of vegetable or fruit, preventing the appearance of moisture directly on the products, which significantly extends their usefulness for consumption. In addition, Saccito products allow you to slow down the process of maturation, inhibit the development of pathogens and maintain the nutritional value and taste.\n<\/p>\n<p style=\"text-align:justify;\">\nThe packaging is adapted to every type of vegetable, fruit or herb, which ensures a long product life, while maintaining freshness, taste and nutritional value.\n<\/p>\n<p style=\"text-align:justify;\" >\nAll packaging films are made of raw materials that meet strict international standards and are suitable for direct contact with fruits and vegetables &#8211; fresh or processed.\n<\/p>\n<\/p><\/div>\n<\/div>\n<\/div>\n<\/div>\n<div class=\"\" data-auto-height=\"true\" style=\"background-color: #ffffff;\" id=\"cooperation\">\n<div class=\"content-lg container\">\n<div class=\"row text-center\" style=\"margin-top: 100px;\">\n<div class=\"col-sm-12\">\n<h2  >Cooperation<\/h2>\n<p>Saccito cooperates with the following units:<\/p>\n<ul class=\"ul-logos\">\n<li class=\"li-logos\">\n<img src=\"http:\/\/saccito.pl\/assets\/logos\/amplus_logo.png\" \/>\n<\/li>\n<li class=\"li-logos\">\n<img src=\"http:\/\/saccito.pl\/assets\/logos\/agh_logo.png\"\/>\n<\/li>\n<li class=\"li-logos\">\n<img src=\"http:\/\/saccito.pl\/assets\/logos\/tech_brainers_logo.png\"  \/>\n<\/li>\n<li class=\"li-logos\">\n<img src=\"http:\/\/saccito.pl\/assets\/logos\/UR_logo.png\" \/>\n<\/li>\n<\/ul><\/div>\n<\/p><\/div>\n<\/p><\/div>\n<\/p><\/div>\n<\/p><\/div>\n<p>        <!-- End offer--><\/p>\n<p><!-- Contact --><\/p>\n<div  id=\"contact\" style=\"padding-top: 15px;\">\n            <!-- Google Map --><\/p>\n<div class=\"gmap\">\n<div id=\"map\" class=\"map height-400\"><\/div>\n<address class=\"gmap-address\">\n<p class=\"color-heading margin-b-10\">Saccito Sp. z\u00a0o.o.<\/p>\n<p class=\"color-heading margin-b-10\">\nAddress: Rynek 29,<br \/>\n32-300 Olkusz,\n<\/p>\n<p class=\"color-heading margin-b-10\">\n<a class=\"\" href=\"mailto:biuro@saccito.pl\">biuro@saccito.pl<\/a>\n<\/p>\n<\/p><\/address>\n<\/p><\/div>\n<p>            <!-- End Google Map -->\n        <\/div>\n<p>        <!-- End Contact --><\/p>\n","protected":false},"excerpt":{"rendered":"<p>About us Saccito Sp. z o.o. is a young Polish company offering services in the production and distribution of modern, intelligent packaging for the vegetable and fruit market. Thanks to the well-educated staff associated with scientific environment, the company is constantly in the phase of thriving development, focusing on continuous improvement of its products. Despite &hellip; <\/p>\n<p class=\"link-more\"><a href=\"https:\/\/saccito.pl\/en\/\" class=\"more-link\">Continue reading<span class=\"screen-reader-text\"> &#8220;Strona g\u0142\u00f3wna&#8221;<\/span><\/a><\/p>\n","protected":false},"author":1,"featured_media":0,"parent":0,"menu_order":0,"comment_status":"closed","ping_status":"open","template":"","meta":[],"yoast_head":"<!-- This site is optimized with the Yoast SEO plugin v17.3 - https:\/\/yoast.com\/wordpress\/plugins\/seo\/ -->\n<title>Strona g\u0142\u00f3wna - Saccito<\/title>\n<meta name=\"description\" content=\"Produktem Saccito Sp. z o. o. s\u0105 specjalnej technologii opakowania foliowe utrzymuj\u0105ce \u015bwie\u017co\u015b\u0107 oraz gwarantuj\u0105ce zwi\u0119kszenie trwa\u0142o\u015bci produkt\u00f3w organicznych.\" \/>\n<meta name=\"robots\" content=\"index, follow, max-snippet:-1, max-image-preview:large, max-video-preview:-1\" \/>\n<link rel=\"canonical\" href=\"https:\/\/saccito.pl\/\" \/>\n<meta property=\"og:locale\" content=\"en_US\" \/>\n<meta property=\"og:type\" content=\"article\" \/>\n<meta property=\"og:title\" content=\"Saccito\" \/>\n<meta property=\"og:description\" content=\"Produktem Saccito Sp. z o. o. s\u0105 specjalnej technologii opakowania foliowe utrzymuj\u0105ce \u015bwie\u017co\u015b\u0107 oraz gwarantuj\u0105ce zwi\u0119kszenie trwa\u0142o\u015bci produkt\u00f3w organicznych.\" \/>\n<meta property=\"og:url\" content=\"https:\/\/saccito.pl\/\" \/>\n<meta property=\"og:site_name\" content=\"Saccito\" \/>\n<meta property=\"article:modified_time\" content=\"2020-08-11T13:15:28+00:00\" \/>\n<meta property=\"og:image\" content=\"https:\/\/saccito.pl\/wp-content\/uploads\/2020\/08\/saccito_og_tag.png\" \/>\n\t<meta property=\"og:image:width\" content=\"1200\" \/>\n\t<meta property=\"og:image:height\" content=\"630\" \/>\n<meta name=\"twitter:card\" content=\"summary_large_image\" \/>\n<meta name=\"twitter:title\" content=\"Saccito\" \/>\n<meta name=\"twitter:description\" content=\"Produktem Saccito Sp. z o. o. s\u0105 specjalnej technologii opakowania foliowe utrzymuj\u0105ce \u015bwie\u017co\u015b\u0107 oraz gwarantuj\u0105ce zwi\u0119kszenie trwa\u0142o\u015bci produkt\u00f3w organicznych.\" \/>\n<meta name=\"twitter:image\" content=\"https:\/\/saccito.pl\/wp-content\/uploads\/2020\/08\/saccito_og_tag.png\" \/>\n<meta name=\"twitter:label1\" content=\"Est. reading time\" \/>\n\t<meta name=\"twitter:data1\" content=\"5 minutes\" \/>\n<script type=\"application\/ld+json\" class=\"yoast-schema-graph\">{\"@context\":\"https:\/\/schema.org\",\"@graph\":[{\"@type\":\"WebSite\",\"@id\":\"https:\/\/saccito.pl\/#website\",\"url\":\"https:\/\/saccito.pl\/\",\"name\":\"Saccito\",\"description\":\"Doradztwo techniczne, technologiczne oraz inwestycyjne\",\"potentialAction\":[{\"@type\":\"SearchAction\",\"target\":{\"@type\":\"EntryPoint\",\"urlTemplate\":\"https:\/\/saccito.pl\/?s={search_term_string}\"},\"query-input\":\"required name=search_term_string\"}],\"inLanguage\":\"en-US\"},{\"@type\":\"ImageObject\",\"@id\":\"https:\/\/saccito.pl\/#primaryimage\",\"inLanguage\":\"en-US\",\"url\":\"https:\/\/saccito.pl\/wp-content\/uploads\/2020\/08\/saccito_og_tag.png\",\"contentUrl\":\"https:\/\/saccito.pl\/wp-content\/uploads\/2020\/08\/saccito_og_tag.png\",\"width\":1200,\"height\":630},{\"@type\":\"WebPage\",\"@id\":\"https:\/\/saccito.pl\/#webpage\",\"url\":\"https:\/\/saccito.pl\/\",\"name\":\"[:en]Strona g\\u0142\\u00f3wna[:pl]Strona g\\u0142\\u00f3wna[:] - Saccito\",\"isPartOf\":{\"@id\":\"https:\/\/saccito.pl\/#website\"},\"primaryImageOfPage\":{\"@id\":\"https:\/\/saccito.pl\/#primaryimage\"},\"datePublished\":\"2017-11-19T12:18:20+00:00\",\"dateModified\":\"2020-08-11T13:15:28+00:00\",\"description\":\"Produktem Saccito Sp. z o. o. s\\u0105 specjalnej technologii opakowania foliowe utrzymuj\\u0105ce \\u015bwie\\u017co\\u015b\\u0107 oraz gwarantuj\\u0105ce zwi\\u0119kszenie trwa\\u0142o\\u015bci produkt\\u00f3w organicznych.\",\"breadcrumb\":{\"@id\":\"https:\/\/saccito.pl\/#breadcrumb\"},\"inLanguage\":\"en-US\",\"potentialAction\":[{\"@type\":\"ReadAction\",\"target\":[\"https:\/\/saccito.pl\/\"]}]},{\"@type\":\"BreadcrumbList\",\"@id\":\"https:\/\/saccito.pl\/#breadcrumb\",\"itemListElement\":[{\"@type\":\"ListItem\",\"position\":1,\"name\":\"Strona g\\u0142\\u00f3wna\",\"item\":\"https:\/\/saccito.pl\/\"},{\"@type\":\"ListItem\",\"position\":2,\"name\":\"Strona g\\u0142\\u00f3wna\"}]}]}<\/script>\n<!-- \/ Yoast SEO plugin. -->","yoast_head_json":{"title":"Strona g\u0142\u00f3wna - Saccito","description":"Produktem Saccito Sp. z o. o. s\u0105 specjalnej technologii opakowania foliowe utrzymuj\u0105ce \u015bwie\u017co\u015b\u0107 oraz gwarantuj\u0105ce zwi\u0119kszenie trwa\u0142o\u015bci produkt\u00f3w organicznych.","robots":{"index":"index","follow":"follow","max-snippet":"max-snippet:-1","max-image-preview":"max-image-preview:large","max-video-preview":"max-video-preview:-1"},"canonical":"https:\/\/saccito.pl\/","og_locale":"en_US","og_type":"article","og_title":"Saccito","og_description":"Produktem Saccito Sp. z o. o. s\u0105 specjalnej technologii opakowania foliowe utrzymuj\u0105ce \u015bwie\u017co\u015b\u0107 oraz gwarantuj\u0105ce zwi\u0119kszenie trwa\u0142o\u015bci produkt\u00f3w organicznych.","og_url":"https:\/\/saccito.pl\/","og_site_name":"Saccito","article_modified_time":"2020-08-11T13:15:28+00:00","og_image":[{"width":1200,"height":630,"url":"https:\/\/saccito.pl\/wp-content\/uploads\/2020\/08\/saccito_og_tag.png","type":"image\/png"}],"twitter_card":"summary_large_image","twitter_title":"Saccito","twitter_description":"Produktem Saccito Sp. z o. o. s\u0105 specjalnej technologii opakowania foliowe utrzymuj\u0105ce \u015bwie\u017co\u015b\u0107 oraz gwarantuj\u0105ce zwi\u0119kszenie trwa\u0142o\u015bci produkt\u00f3w organicznych.","twitter_image":"https:\/\/saccito.pl\/wp-content\/uploads\/2020\/08\/saccito_og_tag.png","twitter_misc":{"Est. reading time":"5 minutes"},"schema":{"@context":"https:\/\/schema.org","@graph":[{"@type":"WebSite","@id":"https:\/\/saccito.pl\/#website","url":"https:\/\/saccito.pl\/","name":"Saccito","description":"Doradztwo techniczne, technologiczne oraz inwestycyjne","potentialAction":[{"@type":"SearchAction","target":{"@type":"EntryPoint","urlTemplate":"https:\/\/saccito.pl\/?s={search_term_string}"},"query-input":"required name=search_term_string"}],"inLanguage":"en-US"},{"@type":"ImageObject","@id":"https:\/\/saccito.pl\/#primaryimage","inLanguage":"en-US","url":"https:\/\/saccito.pl\/wp-content\/uploads\/2020\/08\/saccito_og_tag.png","contentUrl":"https:\/\/saccito.pl\/wp-content\/uploads\/2020\/08\/saccito_og_tag.png","width":1200,"height":630},{"@type":"WebPage","@id":"https:\/\/saccito.pl\/#webpage","url":"https:\/\/saccito.pl\/","name":"[:en]Strona g\u0142\u00f3wna[:pl]Strona g\u0142\u00f3wna[:] - Saccito","isPartOf":{"@id":"https:\/\/saccito.pl\/#website"},"primaryImageOfPage":{"@id":"https:\/\/saccito.pl\/#primaryimage"},"datePublished":"2017-11-19T12:18:20+00:00","dateModified":"2020-08-11T13:15:28+00:00","description":"Produktem Saccito Sp. z o. o. s\u0105 specjalnej technologii opakowania foliowe utrzymuj\u0105ce \u015bwie\u017co\u015b\u0107 oraz gwarantuj\u0105ce zwi\u0119kszenie trwa\u0142o\u015bci produkt\u00f3w organicznych.","breadcrumb":{"@id":"https:\/\/saccito.pl\/#breadcrumb"},"inLanguage":"en-US","potentialAction":[{"@type":"ReadAction","target":["https:\/\/saccito.pl\/"]}]},{"@type":"BreadcrumbList","@id":"https:\/\/saccito.pl\/#breadcrumb","itemListElement":[{"@type":"ListItem","position":1,"name":"Strona g\u0142\u00f3wna","item":"https:\/\/saccito.pl\/"},{"@type":"ListItem","position":2,"name":"Strona g\u0142\u00f3wna"}]}]}},"_links":{"self":[{"href":"https:\/\/saccito.pl\/en\/wp-json\/wp\/v2\/pages\/2"}],"collection":[{"href":"https:\/\/saccito.pl\/en\/wp-json\/wp\/v2\/pages"}],"about":[{"href":"https:\/\/saccito.pl\/en\/wp-json\/wp\/v2\/types\/page"}],"author":[{"embeddable":true,"href":"https:\/\/saccito.pl\/en\/wp-json\/wp\/v2\/users\/1"}],"replies":[{"embeddable":true,"href":"https:\/\/saccito.pl\/en\/wp-json\/wp\/v2\/comments?post=2"}],"version-history":[{"count":207,"href":"https:\/\/saccito.pl\/en\/wp-json\/wp\/v2\/pages\/2\/revisions"}],"predecessor-version":[{"id":1162,"href":"https:\/\/saccito.pl\/en\/wp-json\/wp\/v2\/pages\/2\/revisions\/1162"}],"wp:attachment":[{"href":"https:\/\/saccito.pl\/en\/wp-json\/wp\/v2\/media?parent=2"}],"curies":[{"name":"wp","href":"https:\/\/api.w.org\/{rel}","templated":true}]}}